{"id":1048,"date":"2025-02-25T12:06:27","date_gmt":"2025-02-25T12:06:27","guid":{"rendered":"https:\/\/ilknurerol.com\/?page_id=1048"},"modified":"2026-03-06T06:55:02","modified_gmt":"2026-03-06T06:55:02","slug":"videos","status":"publish","type":"page","link":"https:\/\/ilknurerol.com\/en\/about-me\/videos\/","title":{"rendered":"Videos"},"content":{"rendered":"\n\t<section class=\"section\" id=\"section_2057462688\">\n\t\t<div class=\"section-bg fill\" >\n\t\t\t\t\t\t\t\t\t\n\t\t\t\n\n\t\t<\/div>\n\n\t\t\n\n\t\t<div class=\"section-content relative\">\n\t\t\t\n  <div id=\"page-header-2059671667\" class=\"page-header-wrapper\">\n  <div class=\"page-title dark featured-title\">\n\n    \n    <div class=\"page-title-inner container align-center text-center flex-row-col medium-flex-wrap\" >\n              <div class=\"title-wrapper is-larger flex-col\">\n          <h1 class=\"entry-title mb-0\">\n            Videos          <\/h1>\n        <\/div>\n                    <div class=\"title-content flex-col\">\n        <div class=\"title-breadcrumbs pb-half pt-half\"><\/div>      <\/div>\n    <\/div>\n\n       <\/div>\n    <\/div>\n  \n\t\t<\/div>\n\n\t\t\n<style>\n#section_2057462688 {\n  padding-top: 0px;\n  padding-bottom: 0px;\n  background-color: #c48787;\n}\n<\/style>\n\t<\/section>\n\t\n\n\t<section class=\"section\" id=\"section_2017053601\">\n\t\t<div class=\"section-bg fill\" >\n\t\t\t\t\t\t\t\t\t\n\t\t\t\n\n\t\t<\/div>\n\n\t\t\n\n\t\t<div class=\"section-content relative\">\n\t\t\t\n<div class=\"row\"  id=\"row-1617628092\">\n\n\t<div id=\"col-457608005\" class=\"col medium-4 small-12 large-4\"  >\n\t\t\t\t<div class=\"col-inner\"  >\n\t\t\t\n\t\t\t\n<div class=\"video video-fit mb\" style=\"padding-top:142%;\"><p><iframe title=\"Epilepsi vitaminler ile tedavi edilebilir mi? | Prof. Dr. \u0130lknur Erol,Adana \u00c7ocuk N\u00f6roloji Doktoru\" width=\"563\" height=\"1000\" src=\"https:\/\/www.youtube.com\/embed\/R3NF9l8aGgI?feature=oembed\" frameborder=\"0\" allow=\"accelerometer; autoplay; clipboard-write; encrypted-media; gyroscope; picture-in-picture; web-share\" referrerpolicy=\"strict-origin-when-cross-origin\" allowfullscreen><\/iframe><\/p>\n<\/div>\n\t\t<\/div>\n\t\t\t\t\t<\/div>\n\n\t\n\n\t<div id=\"col-1761045228\" class=\"col medium-4 small-12 large-4\"  >\n\t\t\t\t<div class=\"col-inner\"  >\n\t\t\t\n\t\t\t\n<div class=\"video video-fit mb\" style=\"padding-top:142%;\"><p><iframe title=\"\ud83d\udea8 \u00c7ocuk N\u00f6bet Ge\u00e7irirse Ne Yapmal\u0131y\u0131z? | \u0130lk Yard\u0131m Ad\u0131mlar\u0131 | Prof. Dr. \u0130lknur Erol\" width=\"563\" height=\"1000\" src=\"https:\/\/www.youtube.com\/embed\/LUxE2DjzMeg?feature=oembed\" frameborder=\"0\" allow=\"accelerometer; autoplay; clipboard-write; encrypted-media; gyroscope; picture-in-picture; web-share\" referrerpolicy=\"strict-origin-when-cross-origin\" allowfullscreen><\/iframe><\/p>\n<\/div>\n\t\t<\/div>\n\t\t\t\t\t<\/div>\n\n\t\n\n\t<div id=\"col-816119953\" class=\"col medium-4 small-12 large-4\"  >\n\t\t\t\t<div class=\"col-inner\"  >\n\t\t\t\n\t\t\t\n<div class=\"video video-fit mb\" style=\"padding-top:142%;\"><p><iframe title=\"\ud83d\udea8 \u00c7ocuk N\u00f6bet Ge\u00e7irirse Ne Yapmal\u0131y\u0131z? | \u0130lk Yard\u0131m Ad\u0131mlar\u0131 | Prof. Dr. \u0130lknur Erol\" width=\"563\" height=\"1000\" src=\"https:\/\/www.youtube.com\/embed\/LUxE2DjzMeg?feature=oembed\" frameborder=\"0\" allow=\"accelerometer; autoplay; clipboard-write; encrypted-media; gyroscope; picture-in-picture; web-share\" referrerpolicy=\"strict-origin-when-cross-origin\" allowfullscreen><\/iframe><\/p>\n<\/div>\n\t\t<\/div>\n\t\t\t\t\t<\/div>\n\n\t\n\n\t<div id=\"col-1312999096\" class=\"col medium-4 small-12 large-4\"  >\n\t\t\t\t<div class=\"col-inner\"  >\n\t\t\t\n\t\t\t\n<div class=\"video video-fit mb\" style=\"padding-top:142%;\"><p><iframe title=\"Epilepsi n\u00f6betinde ilk yard\u0131m nas\u0131l yap\u0131l\u0131r? | Prof. Dr. \u0130lknur Erol,Adana \u00c7ocuk N\u00f6roloji Doktoru\" width=\"563\" height=\"1000\" src=\"https:\/\/www.youtube.com\/embed\/s-7bpFfv1Vk?feature=oembed\" frameborder=\"0\" allow=\"accelerometer; autoplay; clipboard-write; encrypted-media; gyroscope; picture-in-picture; web-share\" referrerpolicy=\"strict-origin-when-cross-origin\" allowfullscreen><\/iframe><\/p>\n<\/div>\n\t\t<\/div>\n\t\t\t\t\t<\/div>\n\n\t\n\n\t<div id=\"col-1011261274\" class=\"col medium-4 small-12 large-4\"  >\n\t\t\t\t<div class=\"col-inner\"  >\n\t\t\t\n\t\t\t\n<div class=\"video video-fit mb\" style=\"padding-top:142%;\"><p><iframe title=\"Genetik Hastal\u0131klar Neden Erkeklerde Daha S\u0131k G\u00f6r\u00fcl\u00fcr? | Prof. Dr. \u0130lknur Erol,Adana \u00c7ocuk N\u00f6roloji\" width=\"563\" height=\"1000\" src=\"https:\/\/www.youtube.com\/embed\/q7oD9sxKrKQ?feature=oembed\" frameborder=\"0\" allow=\"accelerometer; autoplay; clipboard-write; encrypted-media; gyroscope; picture-in-picture; web-share\" referrerpolicy=\"strict-origin-when-cross-origin\" allowfullscreen><\/iframe><\/p>\n<\/div>\n\t\t<\/div>\n\t\t\t\t\t<\/div>\n\n\t\n\n\t<div id=\"col-1461693779\" class=\"col medium-4 small-12 large-4\"  >\n\t\t\t\t<div class=\"col-inner\"  >\n\t\t\t\n\t\t\t\n<div class=\"video video-fit mb\" style=\"padding-top:142%;\"><p><iframe title=\"Genetik hastal\u0131k nedir? | Prof. Dr. \u0130lknur Erol,Adana \u00c7ocuk N\u00f6roloji Doktoru  #\u00e7ocukn\u00f6roloji\" width=\"563\" height=\"1000\" src=\"https:\/\/www.youtube.com\/embed\/MTwjh1NK-rM?feature=oembed\" frameborder=\"0\" allow=\"accelerometer; autoplay; clipboard-write; encrypted-media; gyroscope; picture-in-picture; web-share\" referrerpolicy=\"strict-origin-when-cross-origin\" allowfullscreen><\/iframe><\/p>\n<\/div>\n\t\t<\/div>\n\t\t\t\t\t<\/div>\n\n\t\n\n\t<div id=\"col-439869464\" class=\"col medium-4 small-12 large-4\"  >\n\t\t\t\t<div class=\"col-inner\"  >\n\t\t\t\n\t\t\t\n<div class=\"video video-fit mb\" style=\"padding-top:142%;\"><p><iframe title=\"\u00c7ocuklarda Denge Bozuklu\u011fu (Ataksi) Ne Anlama Gelir? | Prof. Dr. \u0130lknur Erol\" width=\"563\" height=\"1000\" src=\"https:\/\/www.youtube.com\/embed\/VvWvmiYRNKQ?feature=oembed\" frameborder=\"0\" allow=\"accelerometer; autoplay; clipboard-write; encrypted-media; gyroscope; picture-in-picture; web-share\" referrerpolicy=\"strict-origin-when-cross-origin\" allowfullscreen><\/iframe><\/p>\n<\/div>\n\t\t<\/div>\n\t\t\t\t\t<\/div>\n\n\t\n\n\t<div id=\"col-1248811217\" class=\"col medium-4 small-12 large-4\"  >\n\t\t\t\t<div class=\"col-inner\"  >\n\t\t\t\n\t\t\t\n<div class=\"video video-fit mb\" style=\"padding-top:142%;\"><p><iframe title=\"Dikkat Eksikli\u011fi Olan \u00c7ocuklarda EEG | Prof. Dr. \u0130lknur Erol,Adana \u00c7ocuk N\u00f6roloji Doktoru\" width=\"563\" height=\"1000\" src=\"https:\/\/www.youtube.com\/embed\/bwFqCnhiiRM?feature=oembed\" frameborder=\"0\" allow=\"accelerometer; autoplay; clipboard-write; encrypted-media; gyroscope; picture-in-picture; web-share\" referrerpolicy=\"strict-origin-when-cross-origin\" allowfullscreen><\/iframe><\/p>\n<\/div>\n\t\t<\/div>\n\t\t\t\t\t<\/div>\n\n\t\n\n\t<div id=\"col-1478444507\" class=\"col medium-4 small-12 large-4\"  >\n\t\t\t\t<div class=\"col-inner\"  >\n\t\t\t\n\t\t\t\n<div class=\"video video-fit mb\" style=\"padding-top:142%;\"><p><iframe title=\"\u00c7ocuklarda Kat\u0131lma N\u00f6betleri Zamanla Ge\u00e7er mi? | Prof. Dr. \u0130lknur Erol,Adana \u00c7ocuk N\u00f6roloji\" width=\"563\" height=\"1000\" src=\"https:\/\/www.youtube.com\/embed\/O5YLlITvPTk?feature=oembed\" frameborder=\"0\" allow=\"accelerometer; autoplay; clipboard-write; encrypted-media; gyroscope; picture-in-picture; web-share\" referrerpolicy=\"strict-origin-when-cross-origin\" allowfullscreen><\/iframe><\/p>\n<\/div>\n\t\t<\/div>\n\t\t\t\t\t<\/div>\n\n\t\n\n\t<div id=\"col-138624236\" class=\"col medium-4 small-12 large-4\"  >\n\t\t\t\t<div class=\"col-inner\"  >\n\t\t\t\n\t\t\t\n<div class=\"video video-fit mb\" style=\"padding-top:142%;\"><p><iframe title=\"Serebral palside tedavi ile geli\u015fim sa\u011flanabilir mi? | Prof. Dr. \u0130lknur Erol,Adana \u00c7ocuk N\u00f6roloji\" width=\"563\" height=\"1000\" src=\"https:\/\/www.youtube.com\/embed\/Kvwh1LK8UmU?feature=oembed\" frameborder=\"0\" allow=\"accelerometer; autoplay; clipboard-write; encrypted-media; gyroscope; picture-in-picture; web-share\" referrerpolicy=\"strict-origin-when-cross-origin\" allowfullscreen><\/iframe><\/p>\n<\/div>\n\t\t<\/div>\n\t\t\t\t\t<\/div>\n\n\t\n\n\t<div id=\"col-1482365057\" class=\"col medium-4 small-12 large-4\"  >\n\t\t\t\t<div class=\"col-inner\"  >\n\t\t\t\n\t\t\t\n<div class=\"video video-fit mb\" style=\"padding-top:142%;\"><p><iframe title=\"\u00c7ocuklarda Havale (Ate\u015fli N\u00f6bet) Sonras\u0131 Tekrar Etme Riski Nedir? | Prof. Dr. \u0130lknur Erol\" width=\"563\" height=\"1000\" src=\"https:\/\/www.youtube.com\/embed\/6NGHLXwAzbA?feature=oembed\" frameborder=\"0\" allow=\"accelerometer; autoplay; clipboard-write; encrypted-media; gyroscope; picture-in-picture; web-share\" referrerpolicy=\"strict-origin-when-cross-origin\" allowfullscreen><\/iframe><\/p>\n<\/div>\n\t\t<\/div>\n\t\t\t\t\t<\/div>\n\n\t\n\n\t<div id=\"col-24270863\" class=\"col medium-4 small-12 large-4\"  >\n\t\t\t\t<div class=\"col-inner\"  >\n\t\t\t\n\t\t\t\n<div class=\"video video-fit mb\" style=\"padding-top:142%;\"><p><iframe title=\"\u00c7ocuklarda Kat\u0131lma N\u00f6beti Nedir?| Prof. Dr. \u0130lknur Erol,Adana \u00c7ocuk N\u00f6roloji Doktoru  #\u00e7ocukn\u00f6roloji\" width=\"563\" height=\"1000\" src=\"https:\/\/www.youtube.com\/embed\/DGYQUzsNuyk?feature=oembed\" frameborder=\"0\" allow=\"accelerometer; autoplay; clipboard-write; encrypted-media; gyroscope; picture-in-picture; web-share\" referrerpolicy=\"strict-origin-when-cross-origin\" allowfullscreen><\/iframe><\/p>\n<\/div>\n\t\t<\/div>\n\t\t\t\t\t<\/div>\n\n\t\n<\/div>\n\t\t<\/div>\n\n\t\t\n<style>\n#section_2017053601 {\n  padding-top: 30px;\n  padding-bottom: 30px;\n}\n<\/style>\n\t<\/section>\n\t\n","protected":false},"excerpt":{"rendered":"","protected":false},"author":1,"featured_media":0,"parent":1047,"menu_order":0,"comment_status":"closed","ping_status":"closed","template":"page-blank.php","meta":{"footnotes":""},"class_list":["post-1048","page","type-page","status-publish","hentry"],"_links":{"self":[{"href":"https:\/\/ilknurerol.com\/en\/wp-json\/wp\/v2\/pages\/1048","targetHints":{"allow":["GET"]}}],"collection":[{"href":"https:\/\/ilknurerol.com\/en\/wp-json\/wp\/v2\/pages"}],"about":[{"href":"https:\/\/ilknurerol.com\/en\/wp-json\/wp\/v2\/types\/page"}],"author":[{"embeddable":true,"href":"https:\/\/ilknurerol.com\/en\/wp-json\/wp\/v2\/users\/1"}],"replies":[{"embeddable":true,"href":"https:\/\/ilknurerol.com\/en\/wp-json\/wp\/v2\/comments?post=1048"}],"version-history":[{"count":1,"href":"https:\/\/ilknurerol.com\/en\/wp-json\/wp\/v2\/pages\/1048\/revisions"}],"predecessor-version":[{"id":1063,"href":"https:\/\/ilknurerol.com\/en\/wp-json\/wp\/v2\/pages\/1048\/revisions\/1063"}],"up":[{"embeddable":true,"href":"https:\/\/ilknurerol.com\/en\/wp-json\/wp\/v2\/pages\/1047"}],"wp:attachment":[{"href":"https:\/\/ilknurerol.com\/en\/wp-json\/wp\/v2\/media?parent=1048"}],"curies":[{"name":"wp","href":"https:\/\/api.w.org\/{rel}","templated":true}]}}